{"id":159,"date":"2023-11-27T05:20:45","date_gmt":"2023-11-27T05:20:45","guid":{"rendered":"https:\/\/tastingwithudo.com\/?page_id=159"},"modified":"2023-11-27T05:23:06","modified_gmt":"2023-11-27T05:23:06","slug":"impressum","status":"publish","type":"page","link":"https:\/\/tastingwithudo.com\/de_de\/impressum","title":{"rendered":"Impressum"},"content":{"rendered":"<div data-elementor-type=\"wp-page\" data-elementor-id=\"159\" class=\"elementor elementor-159\">\n\t\t\t\t<div class=\"elementor-element elementor-element-fe47673 e-flex e-con-boxed e-con e-parent\" data-id=\"fe47673\" data-element_type=\"container\" data-e-type=\"container\">\n\t\t\t\t\t<div class=\"e-con-inner\">\n\t\t\t\t<div class=\"elementor-element elementor-element-ffde1b8 elementor-widget elementor-widget-image\" data-id=\"ffde1b8\" data-element_type=\"widget\" data-e-type=\"widget\" data-widget_type=\"image.default\">\n\t\t\t\t<div class=\"elementor-widget-container\">\n\t\t\t\t\t\t\t\t\t\t\t\t\t\t\t<img decoding=\"async\" width=\"233\" height=\"51\" src=\"https:\/\/tastingwithudo.com\/wp-content\/uploads\/2023\/11\/UDO-TITLES-12.png\" class=\"attachment-large size-large wp-image-44\" alt=\"\" srcset=\"https:\/\/tastingwithudo.com\/wp-content\/uploads\/2023\/11\/UDO-TITLES-12.png 233w, https:\/\/tastingwithudo.com\/wp-content\/uploads\/2023\/11\/UDO-TITLES-12-18x4.png 18w\" sizes=\"(max-width: 233px) 100vw, 233px\" \/>\t\t\t\t\t\t\t\t\t\t\t\t\t\t\t<\/div>\n\t\t\t\t<\/div>\n\t\t\t\t<div class=\"elementor-element elementor-element-6062da5 elementor-widget elementor-widget-text-editor\" data-id=\"6062da5\" data-element_type=\"widget\" data-e-type=\"widget\" data-widget_type=\"text-editor.default\">\n\t\t\t\t<div class=\"elementor-widget-container\">\n\t\t\t\t\t\t\t\t\t<p>Impressum\u2028Angaben gem\u00e4\u00df\u00a0\u00a7\u00a05 TMG:\u2028<\/p><p>Tasting with Udo<br \/>Udo Sonntag<br \/>Kastanienweg 7\u202895326<br \/>Kulmbach<\/p><p>Vertreten durch:\u2028Udo Sonntag<\/p><p>Registereintrag:\u2028Eintragung im HRB\u2028<br \/>Registergericht:Registergericht Bayreuth\u2028<br \/>Registernummer: VR 200465<\/p><p>Hinweis auf EU-Streitschlichtung\u2028<br \/>Die Europ\u00e4ische Kommission stellt eine Plattform zur Online-Streitbeilegung (OS) bereit: http:\/\/ec.europa.eu\/consumers\/odr<br \/>Haftungsausschluss (Disclaimer)\u2028<\/p><p><br \/>Haftung f\u00fcr Inhalte\u2028Als Diensteanbieter sind wir gem\u00e4\u00df \u00a7 7 Abs.1 TMG f\u00fcr eigene Inhalte auf diesen Seiten nach den allgemeinen Gesetzen verantwortlich. Nach \u00a7\u00a7 8 bis 10 TMG sind wir als Diensteanbieter jedoch nicht verpflichtet, \u00fcbermittelte oder gespeicherte fremde Informationen zu \u00fcberwachen oder nach Umst\u00e4nden zu forschen, die auf eine rechtswidrige T\u00e4tigkeit hinweisen. Verpflichtungen zur Entfernung oder Sperrung der Nutzung von Informationen nach den allgemeinen Gesetzen bleiben hiervon unber\u00fchrt. Eine diesbez\u00fcgliche Haftung ist jedoch erst ab dem Zeitpunkt der Kenntnis einer konkreten Rechtsverletzung m\u00f6glich. Bei Bekanntwerden von entsprechenden Rechtsverletzungen werden wir diese Inhalte umgehend entfernen.\u2028<\/p><p>Haftung f\u00fcr Links<br \/>Unser Angebot enth\u00e4lt Links zu externen Webseiten Dritter, auf deren Inhalte wir keinen Einfluss haben. Deshalb k\u00f6nnen wir f\u00fcr diese fremden Inhalte auch keine Gew\u00e4hr \u00fcbernehmen. F\u00fcr die Inhalte der verlinkten Seiten ist stets der jeweilige Anbieter oder Betreiber der Seiten verantwortlich. Die verlinkten Seiten wurden zum Zeitpunkt der Verlinkung auf m\u00f6gliche Rechtsverst\u00f6\u00dfe \u00fcberpr\u00fcft. Rechtswidrige Inhalte waren zum Zeitpunkt der Verlinkung nicht erkennbar. Eine permanente inhaltliche Kontrolle der verlinkten Seiten ist jedoch ohne konkrete Anhaltspunkte einer Rechtsverletzung nicht zumutbar. Bei Bekanntwerden von Rechtsverletzungen werden wir derartige Links umgehend entfernen.\u2028Urheberrecht<\/p><p>Die durch die Seitenbetreiber erstellten Inhalte und Werke auf diesen Seiten unterliegen dem deutschen Urheberrecht. Die Vervielf\u00e4ltigung, Bearbeitung, Verbreitung und jede Art der Verwertung au\u00dferhalb der Grenzen des Urheberrechtes bed\u00fcrfen der schriftlichen Zustimmung des jeweiligen Autors bzw. Erstellers. Downloads und Kopien dieser Seite sind nur f\u00fcr den privaten, nicht kommerziellen Gebrauch gestattet. Soweit die Inhalte auf dieser Seite nicht vom Betreiber erstellt wurden, werden die Urheberrechte Dritter beachtet. Insbesondere werden Inhalte Dritter als solche gekennzeichnet. Sollten Sie trotzdem auf eine Urheberrechtsverletzung aufmerksam werden, bitten wir um einen entsprechenden Hinweis. Bei Bekanntwerden von Rechtsverletzungen werden wir derartige Inhalte umgehend entfernen.<\/p><p>Quelle: eRecht24<\/p><p>Anfragen richten Sie bitte an:\u00a0\u2028Udo Sonntag\u2028<\/p><p>Tasting with Udo<\/p><p>+49 172 7484046\u2028<\/p><p>udo@tastingwithudo.de\u2028<\/p><p>Verantwortlich nach\u00a0\u00a7\u00a06 Abs.2 MDStV\u2028<\/p><p>Wolfgang Hotta\u00df \u2028<\/p><p>webmaster@tastingwithudo.de<\/p><p>wolfgang.hottass@contentis.de\u00a0<\/p>\t\t\t\t\t\t\t\t<\/div>\n\t\t\t\t<\/div>\n\t\t\t\t\t<\/div>\n\t\t\t\t<\/div>\n\t\t\t\t<\/div>","protected":false},"excerpt":{"rendered":"<p>Impressum\u2028Angaben gem\u00e4\u00df\u00a0\u00a7\u00a05 TMG:\u2028 Tasting with UdoUdo SonntagKastanienweg 7\u202895326Kulmbach Vertreten durch:\u2028Udo Sonntag Registereintrag:\u2028Eintragung im HRB\u2028Registergericht:Registergericht Bayreuth\u2028Registernummer: VR 200465 Hinweis auf EU-Streitschlichtung\u2028Die Europ\u00e4ische Kommission stellt eine Plattform zur Online-Streitbeilegung (OS) bereit: http:\/\/ec.europa.eu\/consumers\/odrHaftungsausschluss (Disclaimer)\u2028 Haftung f\u00fcr Inhalte\u2028Als Diensteanbieter sind wir gem\u00e4\u00df \u00a7 7 Abs.1 TMG f\u00fcr eigene Inhalte auf diesen Seiten nach den allgemeinen Gesetzen verantwortlich. Nach \u00a7\u00a7 [&hellip;]<\/p>\n","protected":false},"author":1,"featured_media":0,"parent":0,"menu_order":0,"comment_status":"closed","ping_status":"closed","template":"","meta":{"footnotes":""},"class_list":["post-159","page","type-page","status-publish","hentry"],"jetpack_sharing_enabled":true,"_links":{"self":[{"href":"https:\/\/tastingwithudo.com\/de_de\/wp-json\/wp\/v2\/pages\/159","targetHints":{"allow":["GET"]}}],"collection":[{"href":"https:\/\/tastingwithudo.com\/de_de\/wp-json\/wp\/v2\/pages"}],"about":[{"href":"https:\/\/tastingwithudo.com\/de_de\/wp-json\/wp\/v2\/types\/page"}],"author":[{"embeddable":true,"href":"https:\/\/tastingwithudo.com\/de_de\/wp-json\/wp\/v2\/users\/1"}],"replies":[{"embeddable":true,"href":"https:\/\/tastingwithudo.com\/de_de\/wp-json\/wp\/v2\/comments?post=159"}],"version-history":[{"count":5,"href":"https:\/\/tastingwithudo.com\/de_de\/wp-json\/wp\/v2\/pages\/159\/revisions"}],"predecessor-version":[{"id":164,"href":"https:\/\/tastingwithudo.com\/de_de\/wp-json\/wp\/v2\/pages\/159\/revisions\/164"}],"wp:attachment":[{"href":"https:\/\/tastingwithudo.com\/de_de\/wp-json\/wp\/v2\/media?parent=159"}],"curies":[{"name":"wp","href":"https:\/\/api.w.org\/{rel}","templated":true}]}}